{"id":1960,"date":"2017-01-01T00:31:22","date_gmt":"2016-12-31T23:31:22","guid":{"rendered":"https:\/\/essasblog.wordpress.com\/?page_id=1960"},"modified":"2018-08-21T19:14:19","modified_gmt":"2018-08-21T17:14:19","slug":"1er-scrat-tour-de-saint-ave","status":"publish","type":"page","link":"https:\/\/essas-du-volant.fr\/index.php\/tournois\/1er-scrat-tour-de-saint-ave\/","title":{"rendered":"1er Scrat Tour de Saint-Av\u00e9"},"content":{"rendered":"<p style=\"text-align: justify;\">Le club a \u00e9t\u00e9 fier de vous pr\u00e9senter la naissance de son premier tournoi !!! Le <strong>1er Scrat Tour de Saint-Av\u00e9<\/strong> a eu lieu le 4 juin 2017 dans la salle Pierre Le Nouail. Il a \u00e9t\u00e9 ouvert \u00e0 tous les bretons avec des tableaux Doubles Dames et Doubles Hommes en NC, P12, P11, P10, D9, D8 et D7. Un seul tableau possible \u00e0 10\u20ac. Date limite d&rsquo;inscription : le 27 mai 2017. Nous vous attendions nombreux pour cette grande occasion.<\/p>\n<p style=\"text-align: justify;\">Ci-dessous, toutes les infos.<\/p>\n<p style=\"text-align: justify;\"><img data-recalc-dims=\"1\" loading=\"lazy\" decoding=\"async\" class=\"aligncenter wp-image-3544 size-full\" src=\"https:\/\/i0.wp.com\/essas-du-volant.fr\/wp-content\/uploads\/2017\/01\/Affiche-1er-Scrat-Tour-de-Saint-Av%C3%A9.jpg?resize=554%2C783&#038;ssl=1\" alt=\"Affiche 1er Scrat Tour de Saint-Av\u00e9\" width=\"554\" height=\"783\" srcset=\"https:\/\/i0.wp.com\/essas-du-volant.fr\/wp-content\/uploads\/2017\/01\/Affiche-1er-Scrat-Tour-de-Saint-Av%C3%A9.jpg?w=554&amp;ssl=1 554w, https:\/\/i0.wp.com\/essas-du-volant.fr\/wp-content\/uploads\/2017\/01\/Affiche-1er-Scrat-Tour-de-Saint-Av%C3%A9.jpg?resize=212%2C300&amp;ssl=1 212w\" sizes=\"auto, (max-width: 554px) 100vw, 554px\" \/><\/p>\n<p style=\"text-align: justify;\"><a href=\"https:\/\/essas-du-volant.fr\/wp-content\/uploads\/2017\/01\/Affiche-1er-Scrat-Tour-de-Saint-Av\u00e9.pdf\">Affiche 1er Scrat Tour de Saint-Av\u00e9<\/a><\/p>\n<p style=\"text-align: justify;\"><a href=\"https:\/\/essas-du-volant.fr\/wp-content\/uploads\/2017\/01\/Plaquette-de-pr\u00e9sentation-1er-Scrat-Tour-de-Saint-Av\u00e9.pdf\">Plaquette de pr\u00e9sentation 1er Scrat Tour de Saint-Av\u00e9<\/a><\/p>\n<p style=\"text-align: justify;\"><a href=\"https:\/\/essas-du-volant.fr\/wp-content\/uploads\/2017\/01\/R\u00e8glement-particulier-1er-Scrat-Tour-de-Saint-Av\u00e9.pdf\">R\u00e8glement particulier 1er Scrat Tour de Saint-Av\u00e9<\/a><\/p>\n<p style=\"text-align: justify;\"><a href=\"https:\/\/essas-du-volant.fr\/wp-content\/uploads\/2017\/01\/Fiche-inscription-1er-Scrat-Tour-de-Saint-Av\u00e9.xlsx.xlsx\">Fiche inscription 1er Scrat Tour de Saint-Av\u00e9<\/a><\/p>\n<p style=\"text-align: justify;\">Les <a href=\"https:\/\/essas-du-volant.fr\/wp-content\/uploads\/2017\/01\/Convocations-1er-Scrat-Tour-de-Saint-Av\u00e9.pdf\">convocations<\/a>.<\/p>\n<p>Et voil\u00e0, c&rsquo;est fini :<\/p>\n<p><a href=\"https:\/\/essas-du-volant.fr\/wp-content\/uploads\/2017\/01\/Palmar\u00e8s-1er-Scrat-Tour-de-Saint-Av\u00e9.pdf\">Voici le palmar\u00e8s<\/a> et <a href=\"https:\/\/essas-du-volant.fr\/wp-content\/uploads\/2017\/01\/R\u00e9sultats-1er-Scrat-Tour-de-Saint-Av\u00e9.pdf\">voil\u00e0 les r\u00e9sultats<\/a>.<\/p>\n<p>Rendez-vous le 3 et 4 mars 2018 pour le 2\u00e8me Scrat Tour de Saint-Av\u00e9 ! \ud83d\ude00<\/p>\n","protected":false},"excerpt":{"rendered":"<p>Le club a \u00e9t\u00e9 fier de vous pr\u00e9senter la naissance de son premier tournoi !!! Le 1er Scrat Tour de Saint-Av\u00e9 a eu lieu le 4 juin 2017 dans la salle Pierre Le Nouail. Il a \u00e9t\u00e9 ouvert \u00e0 tous les bretons avec des tableaux Doubles Dames et Doubles Hommes en NC, P12, P11, P10, D9, D8 et D7. Un seul tableau possible \u00e0 10\u20ac. Date limite d&rsquo;inscription : le 27 mai 2017. Nous vous attendions nombreux pour cette grande&#8230;<\/p>\n<p class=\"read-more\"><a class=\"btn btn-default\" href=\"https:\/\/essas-du-volant.fr\/index.php\/tournois\/1er-scrat-tour-de-saint-ave\/\"> Read More<span class=\"screen-reader-text\">  Read More<\/span><\/a><\/p>\n","protected":false},"author":1,"featured_media":0,"parent":1956,"menu_order":1,"comment_status":"closed","ping_status":"closed","template":"","meta":{"jetpack_post_was_ever_published":false,"footnotes":""},"class_list":["post-1960","page","type-page","status-publish","hentry"],"jetpack_sharing_enabled":true,"jetpack_likes_enabled":true,"_links":{"self":[{"href":"https:\/\/essas-du-volant.fr\/index.php\/wp-json\/wp\/v2\/pages\/1960","targetHints":{"allow":["GET"]}}],"collection":[{"href":"https:\/\/essas-du-volant.fr\/index.php\/wp-json\/wp\/v2\/pages"}],"about":[{"href":"https:\/\/essas-du-volant.fr\/index.php\/wp-json\/wp\/v2\/types\/page"}],"author":[{"embeddable":true,"href":"https:\/\/essas-du-volant.fr\/index.php\/wp-json\/wp\/v2\/users\/1"}],"replies":[{"embeddable":true,"href":"https:\/\/essas-du-volant.fr\/index.php\/wp-json\/wp\/v2\/comments?post=1960"}],"version-history":[{"count":12,"href":"https:\/\/essas-du-volant.fr\/index.php\/wp-json\/wp\/v2\/pages\/1960\/revisions"}],"predecessor-version":[{"id":5030,"href":"https:\/\/essas-du-volant.fr\/index.php\/wp-json\/wp\/v2\/pages\/1960\/revisions\/5030"}],"up":[{"embeddable":true,"href":"https:\/\/essas-du-volant.fr\/index.php\/wp-json\/wp\/v2\/pages\/1956"}],"wp:attachment":[{"href":"https:\/\/essas-du-volant.fr\/index.php\/wp-json\/wp\/v2\/media?parent=1960"}],"curies":[{"name":"wp","href":"https:\/\/api.w.org\/{rel}","templated":true}]}}