{"id":23,"date":"2017-01-01T14:50:42","date_gmt":"2017-01-01T13:50:42","guid":{"rendered":"https:\/\/essasblog.wordpress.com\/?page_id=23"},"modified":"2025-08-09T19:51:11","modified_gmt":"2025-08-09T17:51:11","slug":"inscription","status":"publish","type":"page","link":"https:\/\/essas-du-volant.fr\/index.php\/pratique\/inscription\/","title":{"rendered":"Inscription"},"content":{"rendered":"<div class=\"wp-block-image is-style-default\">\n<figure class=\"aligncenter size-full\"><img data-recalc-dims=\"1\" loading=\"lazy\" decoding=\"async\" width=\"573\" height=\"585\" src=\"https:\/\/i0.wp.com\/essas-du-volant.fr\/wp-content\/uploads\/image-5.png?resize=573%2C585&#038;ssl=1\" alt=\"Scrat Lofy\nhttps:\/\/www.artstation.com\/artwork\/Je4gGv\" class=\"wp-image-10954\" srcset=\"https:\/\/i0.wp.com\/essas-du-volant.fr\/wp-content\/uploads\/image-5.png?w=573&amp;ssl=1 573w, https:\/\/i0.wp.com\/essas-du-volant.fr\/wp-content\/uploads\/image-5.png?resize=294%2C300&amp;ssl=1 294w, https:\/\/i0.wp.com\/essas-du-volant.fr\/wp-content\/uploads\/image-5.png?resize=264%2C270&amp;ssl=1 264w\" sizes=\"auto, (max-width: 573px) 100vw, 573px\" \/><\/figure>\n<\/div>\n\n\n<p><strong>Pour toute inscription pour la saison 2025-2026, 3 m\u00e9thodes possibles, par ordre de pr\u00e9f\u00e9rence (les b\u00e9n\u00e9voles n&rsquo;ont pas le temps #j&rsquo;peuxpas,j&rsquo;aibad ;)) :<\/strong><\/p>\n\n\n\n<p>1) M\u00e9thode <strong>MyFFBad<\/strong> (pour les renouvellements) : connectez-vous \u00e0 l&rsquo;appli avec votre num\u00e9ro de licence, il vous sera propos\u00e9 de la renouveler !<br>OU<br>2) M\u00e9thode <strong>internet<\/strong> : demandez-nous l&rsquo;adresse pour s&rsquo;inscrire au club via la page <a href=\"https:\/\/essas-du-volant.fr\/index.php\/presentation\/contact\/\">Nous contacter<\/a><br><img data-recalc-dims=\"1\" loading=\"lazy\" decoding=\"async\" width=\"300\" height=\"139\" class=\"alignnone size-medium wp-image-7980\" src=\"https:\/\/i0.wp.com\/essas-du-volant.fr\/wp-content\/uploads\/Formulaire-dadhesion-BCSA56.jpg?resize=300%2C139&#038;ssl=1\" alt=\"\" srcset=\"https:\/\/i0.wp.com\/essas-du-volant.fr\/wp-content\/uploads\/Formulaire-dadhesion-BCSA56.jpg?resize=300%2C139&amp;ssl=1 300w, https:\/\/i0.wp.com\/essas-du-volant.fr\/wp-content\/uploads\/Formulaire-dadhesion-BCSA56.jpg?resize=768%2C356&amp;ssl=1 768w, https:\/\/i0.wp.com\/essas-du-volant.fr\/wp-content\/uploads\/Formulaire-dadhesion-BCSA56.jpg?resize=582%2C270&amp;ssl=1 582w, https:\/\/i0.wp.com\/essas-du-volant.fr\/wp-content\/uploads\/Formulaire-dadhesion-BCSA56.jpg?w=1413&amp;ssl=1 1413w, https:\/\/i0.wp.com\/essas-du-volant.fr\/wp-content\/uploads\/Formulaire-dadhesion-BCSA56.jpg?w=1280&amp;ssl=1 1280w\" sizes=\"auto, (max-width: 300px) 100vw, 300px\" \/><br>OU si vraiment pas possible avec les 2 m\u00e9thodes ci-dessus<br>3) M\u00e9thode <strong>papier<\/strong> : imprimez et remplissez les documents ci-dessous :<\/p>\n\n\n\n<ul class=\"wp-block-list\">\n<li>La <a href=\"https:\/\/essas-du-volant.fr\/wp-content\/uploads\/Fiche-dinscription-2025-2026.pdf\" target=\"_blank\" rel=\"noreferrer noopener\"><strong>fiche d&rsquo;inscription 2025-2026<\/strong><\/a><\/li>\n\n\n\n<li><div class=\"li\">Le <strong>formulaire de licence<\/strong> FFBAD, disponible sur le <strong><a href=\"https:\/\/www.ffbad.org\/pratiquer-se-licencier-licence\" target=\"_blank\" rel=\"noreferrer noopener\">site de la FFBAD<\/a><\/strong><\/div><\/li>\n\n\n\n<li><div class=\"li\">L&rsquo;<strong>attestation<\/strong> du questionnaire de sant\u00e9 (ou <strong>certificat m\u00e9dical<\/strong> de moins de 6 mois si n\u00e9cessaire), \u00e0 trouver \u00e9galement sur le <strong><a href=\"https:\/\/www.ffbad.org\/pratiquer-se-licencier-licence\" target=\"_blank\" rel=\"noreferrer noopener\">site de la FFBAD<\/a>.\u00a0<\/strong>Notez que le certificat m\u00e9dical n&rsquo;est plus obligatoire.<\/div><\/li>\n\n\n\n<li><div class=\"li\">Le <strong>r\u00e8glement int\u00e9rieur<\/strong> \u00e0 lire (pas besoin d&rsquo;imprimer) et approuver (case \u00e0 cocher \u00e0 l&rsquo;inscription) : <a href=\"https:\/\/essas-du-volant.fr\/wp-content\/uploads\/2017\/01\/R\u00e8glement-2017-09-07.pdf\" target=\"_blank\" rel=\"noreferrer noopener\"><strong>R\u00e8glement int\u00e9rieur<\/strong><\/a><\/div><\/li>\n<\/ul>\n\n\n\n<div style=\"height:100px\" aria-hidden=\"true\" class=\"wp-block-spacer\"><\/div>\n\n\n\n<hr class=\"wp-block-separator has-alpha-channel-opacity\"\/>\n\n\n\n<p><strong>Tarifs 2025-2026 valid\u00e9s \u00e0 l&rsquo;assembl\u00e9e g\u00e9n\u00e9rale du 4 juillet 2025 :<\/strong><\/p>\n\n\n\n<p><strong>1 boite de 12 volants est incluse pour toute inscription<\/strong><\/p>\n\n\n\n<ul class=\"wp-block-list\">\n<li>Adultes :\n<ul class=\"wp-block-list\">\n<li>1\u00e8re inscription : 140\u20ac<\/li>\n\n\n\n<li>Renouvellement : 120\u20ac<\/li>\n<\/ul>\n<\/li>\n\n\n\n<li>Bonus :\n<ul class=\"wp-block-list\">\n<li>Pass&rsquo;Sport : -70\u20ac pour certains jeunes. Cette ann\u00e9e, le <a href=\"https:\/\/sports.gouv.fr\/pratiques-sportives\/sports-pour-tous\/pass-sport\/\" target=\"_blank\" rel=\"noreferrer noopener\">Pass&rsquo;Sport<\/a> est remis en place. Il s&rsquo;agit d&rsquo;une r\u00e9duction de 70\u20ac pour les jeunes b\u00e9n\u00e9ficiant de l&rsquo;ARS, boursiers etc. V\u00e9rifiez si vous \u00eates \u00e9ligible !<\/li>\n\n\n\n<li>Parrainage : -10\u20ac pour le parrain, rembours\u00e9 apr\u00e8s dossiers complets et paiement de la cotisation du parrain et du filleul, dans la limite d&rsquo;un parrainage par adh\u00e9rent<\/li>\n\n\n\n<li>Tarif famille : &#8211; 5\u20ac par membre de la famille<\/li>\n<\/ul>\n<\/li>\n\n\n\n<li>Demandeurs d&#8217;emploi, membres du conseil d&rsquo;administration, responsables commissions, capitaines d&rsquo;\u00e9quipe : 90\u20ac<\/li>\n<\/ul>\n\n\n\n<div style=\"height:100px\" aria-hidden=\"true\" class=\"wp-block-spacer\"><\/div>\n\n\n\n<p>D\u00e9tails du prix que vous payez (licences 2020-2021) :<br><img data-recalc-dims=\"1\" loading=\"lazy\" decoding=\"async\" class=\"alignnone size-medium wp-image-7613\" src=\"https:\/\/i0.wp.com\/essas-du-volant.fr\/wp-content\/uploads\/Details-licence-2020-2021-Adultes.jpg?resize=300%2C300&#038;ssl=1\" alt=\"\" width=\"300\" height=\"300\" srcset=\"https:\/\/i0.wp.com\/essas-du-volant.fr\/wp-content\/uploads\/Details-licence-2020-2021-Adultes.jpg?resize=300%2C300&amp;ssl=1 300w, https:\/\/i0.wp.com\/essas-du-volant.fr\/wp-content\/uploads\/Details-licence-2020-2021-Adultes.jpg?resize=150%2C150&amp;ssl=1 150w, https:\/\/i0.wp.com\/essas-du-volant.fr\/wp-content\/uploads\/Details-licence-2020-2021-Adultes.jpg?resize=270%2C270&amp;ssl=1 270w, https:\/\/i0.wp.com\/essas-du-volant.fr\/wp-content\/uploads\/Details-licence-2020-2021-Adultes.jpg?w=418&amp;ssl=1 418w\" sizes=\"auto, (max-width: 300px) 100vw, 300px\" \/> <img data-recalc-dims=\"1\" loading=\"lazy\" decoding=\"async\" class=\"alignnone size-medium wp-image-7614\" src=\"https:\/\/i0.wp.com\/essas-du-volant.fr\/wp-content\/uploads\/Details-licence-2020-2021-Jeunes.jpg?resize=300%2C294&#038;ssl=1\" alt=\"\" width=\"300\" height=\"294\" srcset=\"https:\/\/i0.wp.com\/essas-du-volant.fr\/wp-content\/uploads\/Details-licence-2020-2021-Jeunes.jpg?resize=300%2C294&amp;ssl=1 300w, https:\/\/i0.wp.com\/essas-du-volant.fr\/wp-content\/uploads\/Details-licence-2020-2021-Jeunes.jpg?resize=275%2C270&amp;ssl=1 275w, https:\/\/i0.wp.com\/essas-du-volant.fr\/wp-content\/uploads\/Details-licence-2020-2021-Jeunes.jpg?w=425&amp;ssl=1 425w\" sizes=\"auto, (max-width: 300px) 100vw, 300px\" \/><br>Comme vous pouvez le voir, moins de la moiti\u00e9 de vos adh\u00e9sions revient au club !<br><span style=\"font-family: Calibri;\">\u00c0 cela, s&rsquo;ajoute l&rsquo;affiliation club annuelle (2020-2021) de 194\u20ac r\u00e9partie ainsi :<br>&#8211; 70\u20ac F\u00e9d\u00e9ration Fran\u00e7aise de Badminton (FFBAD)<br>&#8211; 69\u20ac Ligue de Bretagne de Badminton (LBBA)<br>&#8211; 55\u20ac Comit\u00e9 D\u00e9partemental (CODEP) du Morbihan (56) de Badminton<\/span><\/p>\n\n\n\n<div style=\"height:100px\" aria-hidden=\"true\" class=\"wp-block-spacer\"><\/div>\n\n\n\n<hr class=\"wp-block-separator has-alpha-channel-opacity\"\/>\n\n\n\n<p><strong>Un dossier complet papier (inscription exceptionnelle) doit contenir :<\/strong><\/p>\n\n\n\n<ul class=\"wp-block-list\">\n<li>la fiche d&rsquo;inscription<\/li>\n\n\n\n<li><div class=\"li\">le formulaire de licence FFBAD<\/div><\/li>\n\n\n\n<li><div class=\"li\">l&rsquo;attestation du questionnaire de sant\u00e9 ou le certificat m\u00e9dical FFBAD<\/div><\/li>\n\n\n\n<li>le r\u00e8glement de la cotisation soit par carte sur place, soit par ch\u00e8que \u00e0 l&rsquo;ordre de \u00ab\u00a0Badminton Club de Saint-Av\u00e9\u00a0\u00bb<\/li>\n<\/ul>\n\n\n\n<div style=\"height:100px\" aria-hidden=\"true\" class=\"wp-block-spacer\"><\/div>\n\n\n\n<p><strong>Pour valider l&rsquo;inscription<\/strong>, vous pouvez soit proc\u00e9der par l&rsquo;<strong>une des 2 premi\u00e8res m\u00e9thodes<\/strong> et attendre la validation une fois le paiement effectu\u00e9, ou (exceptionnellement !) tout imprimer votre <strong>dossier complet<\/strong> et nous le donner soit au forum des associations de Saint-Av\u00e9 le samedi 6 septembre 2024 de 9h \u00e0 16h \u00e0 la salle Jo Le Dr\u00e9vo\/Pierre Le Nouail soit au cours de l&rsquo;une des premi\u00e8res s\u00e9ances de badminton. Dans tous les cas, vous avez une s\u00e9ance d&rsquo;essai et <strong>le dossier est \u00e0 remettre COMPLET <\/strong>(piti\u00e9, on d\u00e9teste courir apr\u00e8s les papiers, ils sont trop rapides et il en manque toujours un :D). Merci \ud83d\ude42 !<\/p>\n\n\n\n<div style=\"height:100px\" aria-hidden=\"true\" class=\"wp-block-spacer\"><\/div>\n\n\n\n<p>Nous pouvons, \u00e0 votre demande, vous remettre un re\u00e7u d&rsquo;adh\u00e9sion si vous en avez besoin (pour les CE&#8230;).<\/p>\n\n\n\n<div style=\"height:100px\" aria-hidden=\"true\" class=\"wp-block-spacer\"><\/div>\n\n\n\n<hr class=\"wp-block-separator has-alpha-channel-opacity\"\/>\n\n\n\n<p>Une inscription en cours d&rsquo;ann\u00e9e ? Cela est \u00e9videmment possible ! Dans ce cas, merci de <a href=\"https:\/\/essas-du-volant.fr\/index.php\/presentation\/contact\/\">Nous contacter<\/a>.<\/p>\n\n\n\n<p><\/p>\n","protected":false},"excerpt":{"rendered":"<p>Pour toute inscription pour la saison 2025-2026, 3 m\u00e9thodes possibles, par ordre de pr\u00e9f\u00e9rence (les b\u00e9n\u00e9voles n&rsquo;ont pas le temps #j&rsquo;peuxpas,j&rsquo;aibad ;)) : 1) M\u00e9thode MyFFBad (pour les renouvellements) : connectez-vous \u00e0 l&rsquo;appli avec votre num\u00e9ro de licence, il vous sera propos\u00e9 de la renouveler !OU2) M\u00e9thode internet : demandez-nous l&rsquo;adresse pour s&rsquo;inscrire au club via la page Nous contacterOU si vraiment pas possible avec les 2 m\u00e9thodes ci-dessus3) M\u00e9thode papier : imprimez et remplissez les documents ci-dessous : Tarifs&#8230;<\/p>\n<p class=\"read-more\"><a class=\"btn btn-default\" href=\"https:\/\/essas-du-volant.fr\/index.php\/pratique\/inscription\/\"> Read More<span class=\"screen-reader-text\">  Read More<\/span><\/a><\/p>\n","protected":false},"author":1,"featured_media":0,"parent":55,"menu_order":0,"comment_status":"closed","ping_status":"closed","template":"","meta":{"footnotes":""},"class_list":["post-23","page","type-page","status-publish","hentry"],"jetpack_sharing_enabled":true,"jetpack_likes_enabled":true,"_links":{"self":[{"href":"https:\/\/essas-du-volant.fr\/index.php\/wp-json\/wp\/v2\/pages\/23","targetHints":{"allow":["GET"]}}],"collection":[{"href":"https:\/\/essas-du-volant.fr\/index.php\/wp-json\/wp\/v2\/pages"}],"about":[{"href":"https:\/\/essas-du-volant.fr\/index.php\/wp-json\/wp\/v2\/types\/page"}],"author":[{"embeddable":true,"href":"https:\/\/essas-du-volant.fr\/index.php\/wp-json\/wp\/v2\/users\/1"}],"replies":[{"embeddable":true,"href":"https:\/\/essas-du-volant.fr\/index.php\/wp-json\/wp\/v2\/comments?post=23"}],"version-history":[{"count":69,"href":"https:\/\/essas-du-volant.fr\/index.php\/wp-json\/wp\/v2\/pages\/23\/revisions"}],"predecessor-version":[{"id":13448,"href":"https:\/\/essas-du-volant.fr\/index.php\/wp-json\/wp\/v2\/pages\/23\/revisions\/13448"}],"up":[{"embeddable":true,"href":"https:\/\/essas-du-volant.fr\/index.php\/wp-json\/wp\/v2\/pages\/55"}],"wp:attachment":[{"href":"https:\/\/essas-du-volant.fr\/index.php\/wp-json\/wp\/v2\/media?parent=23"}],"curies":[{"name":"wp","href":"https:\/\/api.w.org\/{rel}","templated":true}]}}