{"id":29,"date":"2017-01-01T14:51:31","date_gmt":"2017-01-01T13:51:31","guid":{"rendered":"https:\/\/essasblog.wordpress.com\/?page_id=29"},"modified":"2024-08-30T10:51:51","modified_gmt":"2024-08-30T08:51:51","slug":"boutique","status":"publish","type":"page","link":"https:\/\/essas-du-volant.fr\/index.php\/pratique\/boutique\/","title":{"rendered":"Boutique"},"content":{"rendered":"\n<h3 class=\"wp-block-heading\">T-shirt du club<\/h3>\n\n\n\n<p>Il est sorti, et il fait d\u00e9j\u00e0 fait parler de lui, voici le nouveau t-shirt du Badminton Club de Saint-Av\u00e9 pour la saison 2023-2024 et les suivantes ! Visuel recto ci-dessous.<\/p>\n\n\n\n<div class=\"wp-block-jetpack-tiled-gallery aligncenter is-style-rectangular\"><div class=\"\"><div class=\"tiled-gallery__gallery\"><div class=\"tiled-gallery__row\"><div class=\"tiled-gallery__col\" style=\"flex-basis:49.32281%\"><figure class=\"tiled-gallery__item\"><img decoding=\"async\" srcset=\"https:\/\/i1.wp.com\/essas-du-volant.fr\/wp-content\/uploads\/Maillot-homme-Recto.jpg?strip=info&#038;w=478&#038;ssl=1 478w\" alt=\"\" data-height=\"594\" data-id=\"9195\" data-link=\"https:\/\/essas-du-volant.fr\/index.php\/pratique\/boutique\/maillot-homme-recto\/\" data-url=\"https:\/\/essas-du-volant.fr\/wp-content\/uploads\/Maillot-homme-Recto.jpg\" data-width=\"478\" src=\"https:\/\/i1.wp.com\/essas-du-volant.fr\/wp-content\/uploads\/Maillot-homme-Recto.jpg?ssl=1\" data-amp-layout=\"responsive\" tabindex=\"0\" role=\"button\" aria-label=\"Ouvrir l\u2019image 1 sur 2 en plein \u00e9cran\"\/><\/figure><\/div><div class=\"tiled-gallery__col\" style=\"flex-basis:50.67719%\"><figure class=\"tiled-gallery__item\"><img decoding=\"async\" srcset=\"https:\/\/i0.wp.com\/essas-du-volant.fr\/wp-content\/uploads\/Maillot-femme-Recto.jpg?strip=info&#038;w=468&#038;ssl=1 468w\" alt=\"\" data-height=\"566\" data-id=\"9196\" data-link=\"https:\/\/essas-du-volant.fr\/index.php\/pratique\/boutique\/maillot-femme-recto\/\" data-url=\"https:\/\/essas-du-volant.fr\/wp-content\/uploads\/Maillot-femme-Recto.jpg\" data-width=\"468\" src=\"https:\/\/i0.wp.com\/essas-du-volant.fr\/wp-content\/uploads\/Maillot-femme-Recto.jpg?ssl=1\" data-amp-layout=\"responsive\" tabindex=\"0\" role=\"button\" aria-label=\"Ouvrir l\u2019image 2 sur 2 en plein \u00e9cran\"\/><\/figure><\/div><\/div><\/div><\/div><\/div>\n\n\n\n<p>Nous observerons que c&rsquo;est un maillot avec le tout nouveau logo du club !<\/p>\n\n\n\n<p>Essayez-le ! S\u00e9ances d&rsquo;essais sur les cr\u00e9neaux. Toutes tailles disponibles.<\/p>\n\n\n\n<p>Le club prend en charge une partie des frais et il vous revient \u00e0 20\u20ac seulement. N&rsquo;h\u00e9sitez plus !<\/p>\n\n\n\n<h3 class=\"wp-block-heading\">Cordage cass\u00e9 ?<\/h3>\n\n\n\n<p>Cordeuse et cordage cherchent cordeur ;D. Une fois que nous l&rsquo;aurons trouv\u00e9, vous pourrez refaire celui de votre raquette pour 10\u20ac. Service rapide, efficace, et pas cher ! Cordage pos\u00e9 : BG65 blanc de Yonex. Pour des cordages particuliers, veuillez acheter votre bobine ;).<\/p>\n\n\n\n<h3 class=\"wp-block-heading\">Grip us\u00e9 ?<\/h3>\n\n\n\n<p>Demandez aux membres du bureau. Certains pourront vous refaire un grip tout beau, tout neuf pour 4\u20ac, ou un surgrip pour 2\u20ac !<\/p>\n\n\n\n<h3 class=\"wp-block-heading\">Besoin de volants ?<\/h3>\n\n\n\n<div class=\"wp-block-group\"><div class=\"wp-block-group__inner-container is-layout-constrained wp-block-group-is-layout-constrained\">\n<div class=\"wp-block-columns is-layout-flex wp-container-core-columns-is-layout-9d6595d7 wp-block-columns-is-layout-flex\">\n<div class=\"wp-block-column is-layout-flow wp-block-column-is-layout-flow\" style=\"flex-basis:100%\">\n<div class=\"wp-block-jetpack-tiled-gallery aligncenter is-style-rectangular\"><div class=\"\"><div class=\"tiled-gallery__gallery\"><div class=\"tiled-gallery__row\"><div class=\"tiled-gallery__col\" style=\"flex-basis:100.00000%\"><figure class=\"tiled-gallery__item\"><img decoding=\"async\" srcset=\"https:\/\/i1.wp.com\/essas-du-volant.fr\/wp-content\/uploads\/Boite-voalnts-Babolat-hybrides.jpg?strip=info&#038;w=519&#038;ssl=1 519w\" alt=\"\" data-height=\"129\" data-id=\"11048\" data-link=\"https:\/\/essas-du-volant.fr\/index.php\/pratique\/boutique\/boite-voalnts-babolat-hybrides\/\" data-url=\"https:\/\/essas-du-volant.fr\/wp-content\/uploads\/Boite-voalnts-Babolat-hybrides.jpg\" data-width=\"519\" src=\"https:\/\/i1.wp.com\/essas-du-volant.fr\/wp-content\/uploads\/Boite-voalnts-Babolat-hybrides.jpg?ssl=1\" data-amp-layout=\"responsive\" tabindex=\"0\" role=\"button\" aria-label=\"Ouvrir l\u2019image 1 sur 2 en plein \u00e9cran\"\/><\/figure><\/div><\/div><div class=\"tiled-gallery__row\"><div class=\"tiled-gallery__col\" style=\"flex-basis:100.00000%\"><figure class=\"tiled-gallery__item\"><img decoding=\"async\" srcset=\"https:\/\/i0.wp.com\/essas-du-volant.fr\/wp-content\/uploads\/2018\/06\/volantsrslgrade3.jpg?strip=info&#038;w=587&#038;ssl=1 587w\" alt=\"\" data-height=\"627\" data-id=\"4859\" data-link=\"https:\/\/essas-du-volant.fr\/index.php\/pratique\/boutique\/volantsrslgrade3\/\" data-url=\"https:\/\/essas-du-volant.fr\/wp-content\/uploads\/2018\/06\/volantsrslgrade3.jpg\" data-width=\"587\" src=\"https:\/\/i0.wp.com\/essas-du-volant.fr\/wp-content\/uploads\/2018\/06\/volantsrslgrade3.jpg?ssl=1\" data-amp-layout=\"responsive\" tabindex=\"0\" role=\"button\" aria-label=\"Ouvrir l\u2019image 2 sur 2 en plein \u00e9cran\"\/><\/figure><\/div><\/div><\/div><\/div><\/div>\n<\/div>\n<\/div>\n<\/div><\/div>\n\n\n\n<p>Le Badminton Club de Saint-Av\u00e9 a choisi les volants plumes RSL grade 3. Ils vous sont propos\u00e9s au prix de 20\u20ac la boite de 12 volants. <br>Si vous souhaitez des volants qui durent plus longtemps pour vos entrainements, nous avons aussi des volants hybrides Babolats au prix de 15\u20ac la boite de 12 volants.<br>Demandez-les \u00e0 Michel !<\/p>\n\n\n\n<h3 class=\"wp-block-heading\">Une f\u00eate \u00e0 organiser et un manque de son ?<\/h3>\n\n\n\n<p>Le Badminton Club de Saint-Av\u00e9 dispose d&rsquo;une sono \u00e0 louer pour 50\u20ac et un ch\u00e8que de caution de 250\u20ac. Pour d&rsquo;autres renseignements, voyez avec le bureau.<\/p>\n","protected":false},"excerpt":{"rendered":"<p>T-shirt du club Il est sorti, et il fait d\u00e9j\u00e0 fait parler de lui, voici le nouveau t-shirt du Badminton Club de Saint-Av\u00e9 pour la saison 2023-2024 et les suivantes ! Visuel recto ci-dessous. Nous observerons que c&rsquo;est un maillot avec le tout nouveau logo du club ! Essayez-le ! S\u00e9ances d&rsquo;essais sur les cr\u00e9neaux. Toutes tailles disponibles. Le club prend en charge une partie des frais et il vous revient \u00e0 20\u20ac seulement. N&rsquo;h\u00e9sitez plus ! Cordage cass\u00e9 ?&#8230;<\/p>\n<p class=\"read-more\"><a class=\"btn btn-default\" href=\"https:\/\/essas-du-volant.fr\/index.php\/pratique\/boutique\/\"> Read More<span class=\"screen-reader-text\">  Read More<\/span><\/a><\/p>\n","protected":false},"author":1,"featured_media":0,"parent":55,"menu_order":0,"comment_status":"closed","ping_status":"closed","template":"","meta":{"jetpack_post_was_ever_published":false,"footnotes":""},"class_list":["post-29","page","type-page","status-publish","hentry"],"jetpack_sharing_enabled":true,"jetpack_likes_enabled":true,"_links":{"self":[{"href":"https:\/\/essas-du-volant.fr\/index.php\/wp-json\/wp\/v2\/pages\/29","targetHints":{"allow":["GET"]}}],"collection":[{"href":"https:\/\/essas-du-volant.fr\/index.php\/wp-json\/wp\/v2\/pages"}],"about":[{"href":"https:\/\/essas-du-volant.fr\/index.php\/wp-json\/wp\/v2\/types\/page"}],"author":[{"embeddable":true,"href":"https:\/\/essas-du-volant.fr\/index.php\/wp-json\/wp\/v2\/users\/1"}],"replies":[{"embeddable":true,"href":"https:\/\/essas-du-volant.fr\/index.php\/wp-json\/wp\/v2\/comments?post=29"}],"version-history":[{"count":24,"href":"https:\/\/essas-du-volant.fr\/index.php\/wp-json\/wp\/v2\/pages\/29\/revisions"}],"predecessor-version":[{"id":11049,"href":"https:\/\/essas-du-volant.fr\/index.php\/wp-json\/wp\/v2\/pages\/29\/revisions\/11049"}],"up":[{"embeddable":true,"href":"https:\/\/essas-du-volant.fr\/index.php\/wp-json\/wp\/v2\/pages\/55"}],"wp:attachment":[{"href":"https:\/\/essas-du-volant.fr\/index.php\/wp-json\/wp\/v2\/media?parent=29"}],"curies":[{"name":"wp","href":"https:\/\/api.w.org\/{rel}","templated":true}]}}