{"id":4115,"date":"2017-09-07T19:01:26","date_gmt":"2017-09-07T17:01:26","guid":{"rendered":"http:\/\/essas-du-volant.fr\/?page_id=4115"},"modified":"2019-01-30T14:30:29","modified_gmt":"2019-01-30T13:30:29","slug":"compte-tournois","status":"publish","type":"page","link":"https:\/\/essas-du-volant.fr\/index.php\/tournois\/compte-tournois\/","title":{"rendered":"Inscriptions Tournois"},"content":{"rendered":"<p><strong>Bienvenue sur la page des inscriptions aux tournois du Morbihan\u00a0!<\/strong><\/p>\n<p>Si vous souhaitez vous inscrire \u00e0 un tournoi en dehors du d\u00e9partement, merci de le faire par vos propres moyens. Dans le cas d\u2019une inscription de plusieurs joueurs du club, vous pouvez demander au club de proc\u00e9der \u00e0 une inscription group\u00e9e en envoyant un mail \u00e0 cette adresse\u00a0: <a href=\"mailto:inscriptions.tournois.bcsa@gmail.com\">inscriptions.tournois.bcsa@gmail.com<\/a><\/p>\n<p>Les inscriptions se font uniquement en ligne en remplissant le formulaire pr\u00e9vu \u00e0 cet effet que vous recevrez par mail ou que vous pouvez retrouver ci-dessous (tournois dont les inscriptions sont ouvertes) :<\/p>\n<ul>\n<li><a href=\"https:\/\/docs.google.com\/forms\/d\/e\/1FAIpQLSfvsUIYjmR6oongSa6aOwzXjipF1KN1usEscJnMDUc4GgLZUQ\/viewform?vc=0&amp;c=0&amp;w=1&amp;usp=mail_form_link\"><span class=\"dJ4kO5HcLAM4x-GXmxP8n\">Tournoi d&rsquo;Elven 2 &amp; 3 mars 2019 (N2 \u00e0 P)<\/span><\/a><\/li>\n<li><a href=\"https:\/\/docs.google.com\/forms\/d\/e\/1FAIpQLSchnfIXk8UakrcKXw3hPeAbBOg8EMCYFjVWFZXd2qqghzK5Sg\/viewform?vc=0&amp;c=0&amp;w=1&amp;usp=mail_form_link\"><span class=\"dJ4kO5HcLAM4x-GXmxP8n\">Tournoi nocturne Damgan-Muzillac 8 mars 2019<\/span><\/a><\/li>\n<li><a href=\"https:\/\/docs.google.com\/forms\/d\/e\/1FAIpQLScLrFe8ppZyPmQmhHruAEiL1GuTtaGM6DPDgFAmxL4BpFeAWA\/viewform?vc=0&amp;c=0&amp;w=1&amp;usp=mail_form_link\"><span class=\"dJ4kO5HcLAM4x-GXmxP8n _311TQTLIWq-Tk_cG73CAP5\">Tournoi nocturne ST NOLFF 12 avril 2019<\/span><\/a><\/li>\n<li><\/li>\n<\/ul>\n<p><span style=\"color: #ff0000;\"><strong>Attention<\/strong> <\/span>pour valider votre inscription, votre compte joueur doit \u00eatre suffisamment aliment\u00e9 (le club ne fait pas d\u2019avance).<\/p>\n<p>Ci-dessous le solde des comptes joueurs\u00a0:<\/p>\n<iframe loading=\"lazy\" src=\"https:\/\/docs.google.com\/spreadsheets\/d\/e\/2PACX-1vQ1dcNkKDqjEak9sTbf4orZxg06v8IPG0uhC2uzPvVLAMYHyF5p82ixh7NszuaY0nIrMo_OkNyDkw83\/pubhtml?gid=0&#038;single=true&#038;widget=true&#038;headers=false\" frameborder=\"0\" width=\"100%\" height=\"480\" marginheight=\"0\" marginwidth=\"0\" allowfullscreen=\"true\" mozallowfullscreen=\"true\" webkitallowfullscreen=\"true\"><\/iframe>\n","protected":false},"excerpt":{"rendered":"<p>Bienvenue sur la page des inscriptions aux tournois du Morbihan\u00a0! Si vous souhaitez vous inscrire \u00e0 un tournoi en dehors du d\u00e9partement, merci de le faire par vos propres moyens. Dans le cas d\u2019une inscription de plusieurs joueurs du club, vous pouvez demander au club de proc\u00e9der \u00e0 une inscription group\u00e9e en envoyant un mail \u00e0 cette adresse\u00a0: inscriptions.tournois.bcsa@gmail.com Les inscriptions se font uniquement en ligne en remplissant le formulaire pr\u00e9vu \u00e0 cet effet que vous recevrez par mail ou&#8230;<\/p>\n<p class=\"read-more\"><a class=\"btn btn-default\" href=\"https:\/\/essas-du-volant.fr\/index.php\/tournois\/compte-tournois\/\"> Read More<span class=\"screen-reader-text\">  Read More<\/span><\/a><\/p>\n","protected":false},"author":1,"featured_media":0,"parent":1956,"menu_order":5,"comment_status":"open","ping_status":"closed","template":"","meta":{"jetpack_post_was_ever_published":false,"footnotes":""},"class_list":["post-4115","page","type-page","status-publish","hentry"],"jetpack_sharing_enabled":true,"jetpack_likes_enabled":true,"_links":{"self":[{"href":"https:\/\/essas-du-volant.fr\/index.php\/wp-json\/wp\/v2\/pages\/4115","targetHints":{"allow":["GET"]}}],"collection":[{"href":"https:\/\/essas-du-volant.fr\/index.php\/wp-json\/wp\/v2\/pages"}],"about":[{"href":"https:\/\/essas-du-volant.fr\/index.php\/wp-json\/wp\/v2\/types\/page"}],"author":[{"embeddable":true,"href":"https:\/\/essas-du-volant.fr\/index.php\/wp-json\/wp\/v2\/users\/1"}],"replies":[{"embeddable":true,"href":"https:\/\/essas-du-volant.fr\/index.php\/wp-json\/wp\/v2\/comments?post=4115"}],"version-history":[{"count":15,"href":"https:\/\/essas-du-volant.fr\/index.php\/wp-json\/wp\/v2\/pages\/4115\/revisions"}],"predecessor-version":[{"id":5935,"href":"https:\/\/essas-du-volant.fr\/index.php\/wp-json\/wp\/v2\/pages\/4115\/revisions\/5935"}],"up":[{"embeddable":true,"href":"https:\/\/essas-du-volant.fr\/index.php\/wp-json\/wp\/v2\/pages\/1956"}],"wp:attachment":[{"href":"https:\/\/essas-du-volant.fr\/index.php\/wp-json\/wp\/v2\/media?parent=4115"}],"curies":[{"name":"wp","href":"https:\/\/api.w.org\/{rel}","templated":true}]}}