{"id":4511,"date":"2018-01-10T11:10:03","date_gmt":"2018-01-10T10:10:03","guid":{"rendered":"http:\/\/essas-du-volant.fr\/?page_id=4511"},"modified":"2018-08-21T19:13:33","modified_gmt":"2018-08-21T17:13:33","slug":"2eme-scrat-tour-de-saint-ave","status":"publish","type":"page","link":"https:\/\/essas-du-volant.fr\/index.php\/tournois\/2eme-scrat-tour-de-saint-ave\/","title":{"rendered":"2\u00e8me Scrat Tour de Saint-Av\u00e9"},"content":{"rendered":"<p style=\"text-align: justify;\">Le club de L&rsquo;ESSA&rsquo;s du Volant a ouvert son deuxi\u00e8me tournoi !!! Le <strong>2\u00e8me Scrat Tour de Saint-Av\u00e9<\/strong> a eu lieu le 3 et 4 mars 2018 \u00e0 &#8230; Saint-Av\u00e9 (Morbihan, Bretagne, Ouest de la France ;)), comme son nom l&rsquo;indique. Il f\u00fbt ouvert \u00e0 tous les joueurs et joueuses cadets, juniors, seniors et v\u00e9t\u00e9rans licenci\u00e9s en France et de cat\u00e9gories NC, P12, P11, P10, D9, D8, D7, R6 et R5. Simples et mixtes le samedi (un seul tableau possible) et doubles le dimanche. Un tableau \u00e0 10\u20ac et deux tableaux \u00e0 15\u20ac. Date limite d&rsquo;inscription : le 21 f\u00e9vrier 2018. Nous vous attendions nombreux pour ce week-end !<\/p>\n<p style=\"text-align: justify;\">Ci-dessous, toutes les infos.<\/p>\n<p style=\"text-align: justify;\"><img data-recalc-dims=\"1\" loading=\"lazy\" decoding=\"async\" class=\"aligncenter wp-image-4529 size-large\" src=\"https:\/\/i0.wp.com\/essas-du-volant.fr\/wp-content\/uploads\/2018\/01\/Affiche-2%C3%A8me-Scrat-Tour-de-Saint-Av%C3%A9.jpg?resize=640%2C905&#038;ssl=1\" alt=\"\" width=\"640\" height=\"905\" srcset=\"https:\/\/i0.wp.com\/essas-du-volant.fr\/wp-content\/uploads\/2018\/01\/Affiche-2%C3%A8me-Scrat-Tour-de-Saint-Av%C3%A9.jpg?resize=1414%2C2000&amp;ssl=1 1414w, https:\/\/i0.wp.com\/essas-du-volant.fr\/wp-content\/uploads\/2018\/01\/Affiche-2%C3%A8me-Scrat-Tour-de-Saint-Av%C3%A9.jpg?resize=212%2C300&amp;ssl=1 212w, https:\/\/i0.wp.com\/essas-du-volant.fr\/wp-content\/uploads\/2018\/01\/Affiche-2%C3%A8me-Scrat-Tour-de-Saint-Av%C3%A9.jpg?resize=768%2C1086&amp;ssl=1 768w, https:\/\/i0.wp.com\/essas-du-volant.fr\/wp-content\/uploads\/2018\/01\/Affiche-2%C3%A8me-Scrat-Tour-de-Saint-Av%C3%A9.jpg?resize=191%2C270&amp;ssl=1 191w, https:\/\/i0.wp.com\/essas-du-volant.fr\/wp-content\/uploads\/2018\/01\/Affiche-2%C3%A8me-Scrat-Tour-de-Saint-Av%C3%A9.jpg?w=1280&amp;ssl=1 1280w, https:\/\/i0.wp.com\/essas-du-volant.fr\/wp-content\/uploads\/2018\/01\/Affiche-2%C3%A8me-Scrat-Tour-de-Saint-Av%C3%A9.jpg?w=1920&amp;ssl=1 1920w\" sizes=\"auto, (max-width: 640px) 100vw, 640px\" \/><\/p>\n<p style=\"text-align: justify;\"><a href=\"https:\/\/essas-du-volant.fr\/wp-content\/uploads\/2018\/01\/Affiche-2\u00e8me-Scrat-Tour-de-Saint-Av\u00e9.jpg\">Affiche 2\u00e8me Scrat Tour de Saint-Av\u00e9<\/a><\/p>\n<p style=\"text-align: justify;\"><a href=\"https:\/\/essas-du-volant.fr\/wp-content\/uploads\/2018\/01\/Plaquette-invitation-2\u00e8me-Scrat-Tour-de-Saint-Av\u00e9.pdf\">Plaquette de pr\u00e9sentation 2\u00e8me Scrat Tour de Saint-Av\u00e9<\/a><\/p>\n<p style=\"text-align: justify;\"><a href=\"https:\/\/essas-du-volant.fr\/wp-content\/uploads\/2018\/01\/R\u00e8glement-particulier-2\u00e8me-Scrat-Tour-de-Saint-Av\u00e9.pdf\">R\u00e8glement particulier 2\u00e8me Scrat Tour de Saint-Av\u00e9<\/a><\/p>\n<p style=\"text-align: justify;\"><a href=\"https:\/\/essas-du-volant.fr\/wp-content\/uploads\/2018\/01\/Fiche-inscription-2\u00e8me-Scrat-Tour-de-Saint-Av\u00e9.xlsx\">Fiche inscription 2\u00e8me Scrat Tour de Saint-Av\u00e9<\/a><\/p>\n<p>Et les <a href=\"https:\/\/drive.google.com\/file\/d\/1gTn-2KOk7M43uX42wv7aGVRHa2HM8ltR\/view\">convocations<\/a>.<\/p>\n<p>Et voil\u00e0, c&rsquo;est fini :<\/p>\n<p><a href=\"https:\/\/essas-du-volant.fr\/wp-content\/uploads\/2018\/03\/Palmar\u00e8s-2\u00e8me-Scrat-Tour.pdf\">Voil\u00e0 le palmar\u00e8s<\/a> et <a href=\"https:\/\/essas-du-volant.fr\/wp-content\/uploads\/2018\/03\/R\u00e9sultats-2\u00e8me-Scrat-Tour.pdf\">voil\u00e0 les r\u00e9sultats<\/a>.<\/p>\n<p>Rendez-vous le 9 et 10 f\u00e9vrier 2019 pour le 3\u00e8me Scrat Tour de Saint-Av\u00e9 ! \ud83d\ude00<\/p>\n<p><!--\n\n\n<p style=\"text-align: justify;\"><span style=\"display: inline-block; width: 0px; overflow: hidden; line-height: 0;\" data-mce-type=\"bookmark\" class=\"mce_SELRES_start\"><\/span>Par ici les <a href=\"https:\/\/essas-du-volant.fr\/wp-content\/uploads\/Convocations-2\u00e8me-Scrat-Tour-de-Saint-Av\u00e9.pdf\">convocations<\/a>.<\/p>\n\n\nEt voil\u00e0, c'est fini :\n<a href=\"https:\/\/essas-du-volant.fr\/wp-content\/uploads\/2017\/01\/Palmar\u00e8s-2\u00e8me-Scrat-Tour-de-Saint-Av\u00e9.pdf\">Voici le palmar\u00e8s<\/a> et <a href=\"https:\/\/essas-du-volant.fr\/wp-content\/uploads\/2017\/01\/R\u00e9sultats-2\u00e8me-Scrat-Tour-de-Saint-Av\u00e9.pdf\">voil\u00e0 les r\u00e9sultats<\/a>.\n\nRendez-vous le 3-4 mars 2018 pour le 2\u00e8me Scrat Tour de Saint-Av\u00e9 ! \ud83d\ude00 --><\/p>\n","protected":false},"excerpt":{"rendered":"<p>Le club de L&rsquo;ESSA&rsquo;s du Volant a ouvert son deuxi\u00e8me tournoi !!! Le 2\u00e8me Scrat Tour de Saint-Av\u00e9 a eu lieu le 3 et 4 mars 2018 \u00e0 &#8230; Saint-Av\u00e9 (Morbihan, Bretagne, Ouest de la France ;)), comme son nom l&rsquo;indique. Il f\u00fbt ouvert \u00e0 tous les joueurs et joueuses cadets, juniors, seniors et v\u00e9t\u00e9rans licenci\u00e9s en France et de cat\u00e9gories NC, P12, P11, P10, D9, D8, D7, R6 et R5. Simples et mixtes le samedi (un seul tableau possible)&#8230;<\/p>\n<p class=\"read-more\"><a class=\"btn btn-default\" href=\"https:\/\/essas-du-volant.fr\/index.php\/tournois\/2eme-scrat-tour-de-saint-ave\/\"> Read More<span class=\"screen-reader-text\">  Read More<\/span><\/a><\/p>\n","protected":false},"author":3,"featured_media":0,"parent":1956,"menu_order":2,"comment_status":"closed","ping_status":"closed","template":"","meta":{"jetpack_post_was_ever_published":false,"footnotes":""},"class_list":["post-4511","page","type-page","status-publish","hentry"],"jetpack_sharing_enabled":true,"jetpack_likes_enabled":true,"_links":{"self":[{"href":"https:\/\/essas-du-volant.fr\/index.php\/wp-json\/wp\/v2\/pages\/4511","targetHints":{"allow":["GET"]}}],"collection":[{"href":"https:\/\/essas-du-volant.fr\/index.php\/wp-json\/wp\/v2\/pages"}],"about":[{"href":"https:\/\/essas-du-volant.fr\/index.php\/wp-json\/wp\/v2\/types\/page"}],"author":[{"embeddable":true,"href":"https:\/\/essas-du-volant.fr\/index.php\/wp-json\/wp\/v2\/users\/3"}],"replies":[{"embeddable":true,"href":"https:\/\/essas-du-volant.fr\/index.php\/wp-json\/wp\/v2\/comments?post=4511"}],"version-history":[{"count":7,"href":"https:\/\/essas-du-volant.fr\/index.php\/wp-json\/wp\/v2\/pages\/4511\/revisions"}],"predecessor-version":[{"id":5029,"href":"https:\/\/essas-du-volant.fr\/index.php\/wp-json\/wp\/v2\/pages\/4511\/revisions\/5029"}],"up":[{"embeddable":true,"href":"https:\/\/essas-du-volant.fr\/index.php\/wp-json\/wp\/v2\/pages\/1956"}],"wp:attachment":[{"href":"https:\/\/essas-du-volant.fr\/index.php\/wp-json\/wp\/v2\/media?parent=4511"}],"curies":[{"name":"wp","href":"https:\/\/api.w.org\/{rel}","templated":true}]}}