{"id":55,"date":"2017-01-01T14:55:07","date_gmt":"2017-01-01T13:55:07","guid":{"rendered":"https:\/\/essasblog.wordpress.com\/?page_id=55"},"modified":"2023-07-02T15:44:37","modified_gmt":"2023-07-02T13:44:37","slug":"pratique","status":"publish","type":"page","link":"https:\/\/essas-du-volant.fr\/index.php\/pratique\/","title":{"rendered":"Pratique"},"content":{"rendered":"<div class=\"level1\">\n<p style=\"text-align: justify;\">Vous trouverez sur cette page et dans les rubriques suivantes toutes les infos pour pratiquer le badminton au sein du Badminton Club de Saint-Av\u00e9 et plus encore en suivant les liens :<br \/>\n&#8211; Comment <a href=\"https:\/\/essas-du-volant.fr\/index.php\/pratique\/inscription\/\">s&rsquo;incrire<\/a> ? Vous trouverez les documents \u00e0 t\u00e9l\u00e9charger, les tarifs, les conditions.<br \/>\n&#8211; <a href=\"https:\/\/essas-du-volant.fr\/index.php\/pratique\/horaires-et-salles\/\">O\u00f9 et quand<\/a> ont lieu les s\u00e9ances de badminton ? Quels cr\u00e9neaux, quels jours de la semaine et pour quel public ? Quelles salles et o\u00f9 se trouvent-elles ?<br \/>\n&#8211; Si il y a des changements d&rsquo;horaires \/ des ouvertures \/ fermetures de s\u00e9ances (vacances, occupation de salle, jours f\u00e9ri\u00e9s\u2026) et pour les dates des \u00e9v\u00e8nements du club (pots, tournois internes, assembl\u00e9e g\u00e9n\u00e9rale\u2026), ainsi que les dates des tournois, interclubs, stages etc, vous trouverez cela sur la page d&rsquo;accueil (Actus club) et\/ou dans le <a href=\"https:\/\/essas-du-volant.fr\/index.php\/pratique\/calendrier-club\/\">calendrier<\/a>.<br \/>\n&#8211; \u00c0 qui s&rsquo;adresser si vous souhaitez <a href=\"https:\/\/essas-du-volant.fr\/index.php\/pratique\/boutique\/\">acheter<\/a> une tenue aux couleurs du club, des volants plumes, r\u00e9parer le cordage ou le grip de votre raquette, voire en changer ou prendre des accessoires, et m\u00eame louer une sono.<\/p>\n<\/div>\n<div class=\"level2\">\n<h3 style=\"text-align: justify;\">Des sites sur le badminton<\/h3>\n<p class=\"secedit\" style=\"text-align: justify;\">Plusieurs sites r\u00e9f\u00e9rence sur le badminton :<br \/>\n&#8211; <a href=\"http:\/\/www.ffbad.org\/\">FFBaD<\/a> : site de la F\u00e9d\u00e9ration Fran\u00e7aise de Badminton. Vous pourrez y trouver l&rsquo;organisation de la f\u00e9d\u00e9ration et ses d\u00e9clinaisons, les comp\u00e9titions et les actus nationales et internationales ainsi que des vid\u00e9os de promotion et d&rsquo;information.<br \/>\n&#8211; <a href=\"http:\/\/www.bretagnebadminton.com\/\">Ligue de Bretagne<\/a> : d\u00e9clinaison r\u00e9gionale de la FFBaD. Pratique pour trouver les formations (DAB, encadrants\u2026) et toutes les infos au niveau r\u00e9gional (TRJ, interclubs r\u00e9gionaux, championnats de Bretagne&#8230;).<br \/>\n&#8211; <a href=\"http:\/\/badminton56.fr\/\">Comite 56 Badminton<\/a> : d\u00e9clinaison d\u00e9partementale de la FFBaD. Vous pourrez y retrouver les futurs tournois et les r\u00e9sultats des pr\u00e9c\u00e9dents (voir \u201ccalendrier\u201d au-dessus), les Badinfos56 et toutes sortes d&rsquo;infos d\u00e9partementales.<br \/>\n&#8211; <a href=\"https:\/\/poona.ffbad.org\/\">Poona<\/a> : l&rsquo;ancienne r\u00e9f\u00e9rence pour suivre son classement (CPPH) avec ses tournois et ses points en entrant son num\u00e9ro de licence. Pour les encadrants, permet de cr\u00e9er un tournoi, de noter les plumes etc. Migre progressivement vers MyFFBAD.<br \/>\n&#8211; <a href=\"http:\/\/www.badminton-web.fr\/\">Badminton-Web<\/a> : site complet sur le badminton avec des infos pratiques ou insolites, des conseils, des interviews, des annonces d&rsquo;\u00e9v\u00e9nements, des sujets de fond et bien d&rsquo;autres choses encore.<br \/>\n&#8211; <a href=\"http:\/\/www.badnet.org\/\">Badnet<\/a> : recense certains tournois nationaux, r\u00e9gionaux, d\u00e9partementaux, interclubs. Permet de voir les \u00e9quipes et les r\u00e9sultats de rencontres individuelles, en \u00e9quipe, interclubs. Sert principalement aux capitaines pour regarder les prochaines rencontres interclubs et leurs r\u00e9sultats.<br \/>\n&#8211; <a href=\"http:\/\/www.badiste.fr\/\">Badiste<\/a> : permet de g\u00e9rer les inscriptions aux tournois, de consulter les r\u00e9sultats des tournois et des joueurs, de trouver un club, ses statistiques, des infos sur le badminton etc. Vous pouvez vous y inscrire en demandant le mot de passe aux responsables du club.<br \/>\n&#8211; <a href=\"http:\/\/myffbad.fr\">MyFFBAD<\/a> : permet de voir les actualit\u00e9s du bad, vos statistiques, celles de votre club ou celles d&rsquo;autres joueurs, de rechercher un tournoi \u00e0 proximit\u00e9, d&rsquo;avoir des conseils personnalis\u00e9s. L&rsquo;appli de r\u00e9f\u00e9rence lanc\u00e9e par la FFBaD.<br \/>\n&#8211; <a href=\"https:\/\/www.accrobad.fr\/\">Accrobad<\/a> : tr\u00e8s ax\u00e9 tournois. Calendrier et r\u00e9sultats des tournois, simulateur de points, et inscriptions.<br \/>\n&#8211; <a href=\"https:\/\/badmania.fr\/club-informations-2059-l-essa-s-du-volant.html\">Badmania<\/a> : site marchand qui poss\u00e8de aussi de tr\u00e8s bons outils pour la recherche de tournois, de joueurs, de clubs et met \u00e0 disposition des exemples d&rsquo;exercices pour l&rsquo;entra\u00eenement au badminton.<br \/>\n&#8211; <a href=\"https:\/\/www.lardesports.com\/badminton.html\">Larde Sports<\/a> : site marchand pour le badminton, mais aussi le tennis, le squash et le padel. De bons conseils pour choisir sa raquette, les volants, tenue etc dans leurs guides d&rsquo;achat.<\/p>\n<\/div>\n","protected":false},"excerpt":{"rendered":"<p>Vous trouverez sur cette page et dans les rubriques suivantes toutes les infos pour pratiquer le badminton au sein du Badminton Club de Saint-Av\u00e9 et plus encore en suivant les liens : &#8211; Comment s&rsquo;incrire ? Vous trouverez les documents \u00e0 t\u00e9l\u00e9charger, les tarifs, les conditions. &#8211; O\u00f9 et quand ont lieu les s\u00e9ances de badminton ? Quels cr\u00e9neaux, quels jours de la semaine et pour quel public ? Quelles salles et o\u00f9 se trouvent-elles ? &#8211; Si il y&#8230;<\/p>\n<p class=\"read-more\"><a class=\"btn btn-default\" href=\"https:\/\/essas-du-volant.fr\/index.php\/pratique\/\"> Read More<span class=\"screen-reader-text\">  Read More<\/span><\/a><\/p>\n","protected":false},"author":1,"featured_media":0,"parent":0,"menu_order":0,"comment_status":"closed","ping_status":"closed","template":"","meta":{"jetpack_post_was_ever_published":false,"footnotes":""},"class_list":["post-55","page","type-page","status-publish","hentry"],"jetpack_sharing_enabled":true,"jetpack_likes_enabled":true,"_links":{"self":[{"href":"https:\/\/essas-du-volant.fr\/index.php\/wp-json\/wp\/v2\/pages\/55","targetHints":{"allow":["GET"]}}],"collection":[{"href":"https:\/\/essas-du-volant.fr\/index.php\/wp-json\/wp\/v2\/pages"}],"about":[{"href":"https:\/\/essas-du-volant.fr\/index.php\/wp-json\/wp\/v2\/types\/page"}],"author":[{"embeddable":true,"href":"https:\/\/essas-du-volant.fr\/index.php\/wp-json\/wp\/v2\/users\/1"}],"replies":[{"embeddable":true,"href":"https:\/\/essas-du-volant.fr\/index.php\/wp-json\/wp\/v2\/comments?post=55"}],"version-history":[{"count":10,"href":"https:\/\/essas-du-volant.fr\/index.php\/wp-json\/wp\/v2\/pages\/55\/revisions"}],"predecessor-version":[{"id":9189,"href":"https:\/\/essas-du-volant.fr\/index.php\/wp-json\/wp\/v2\/pages\/55\/revisions\/9189"}],"wp:attachment":[{"href":"https:\/\/essas-du-volant.fr\/index.php\/wp-json\/wp\/v2\/media?parent=55"}],"curies":[{"name":"wp","href":"https:\/\/api.w.org\/{rel}","templated":true}]}}