{"id":722,"date":"2017-01-01T12:29:02","date_gmt":"2017-01-01T11:29:02","guid":{"rendered":"https:\/\/essasblog.wordpress.com\/?page_id=722"},"modified":"2018-09-19T18:55:31","modified_gmt":"2018-09-19T16:55:31","slug":"archives-sites","status":"publish","type":"page","link":"https:\/\/essas-du-volant.fr\/index.php\/presentation\/archives-sites\/","title":{"rendered":"Sites et blogs successifs"},"content":{"rendered":"<p>Le premier site (blog) de l&rsquo;ESSA&rsquo;s du Volant est disponible <a href=\"http:\/\/plebouar.free.fr\/blog\/index.php?\">ICI<\/a>.<br \/>\nVous y trouverez quelques articles du d\u00e9but de saison 2007-2008.<\/p>\n<p>Son fugace successeur <a href=\"http:\/\/bcsa56.free.fr\/\">ICI<\/a> (un article).<\/p>\n<p>Puis, plus rien pendant un peu plus de 2 ans\u2026<\/p>\n<p>Quelques temps plus tard, un nouveau site est n\u00e9 en d\u00e9cembre 2009 sur l&rsquo;adresse essas-du-volant.fr, apr\u00e8s quelques mois de r\u00e9flexion. Il a fait un bon bout de route, puisqu&rsquo;on l&rsquo;a gard\u00e9 jusqu&rsquo;en 2017 ! Mais il devenait lourd \u00e0 g\u00e9rer et peu pratique avec toutes les actualit\u00e9s qu&rsquo;il fallait mettre \u00e0 jour.<\/p>\n<p>Il f\u00fbt donc remplac\u00e9 par le blog wordpress dans lequel vous \u00eates actuellement (oui, oui, celui-l\u00e0 !). Bonne navigation \ud83d\ude00 !<\/p>\n<p>&nbsp;<\/p>\n","protected":false},"excerpt":{"rendered":"<p>Le premier site (blog) de l&rsquo;ESSA&rsquo;s du Volant est disponible ICI. Vous y trouverez quelques articles du d\u00e9but de saison 2007-2008. Son fugace successeur ICI (un article). Puis, plus rien pendant un peu plus de 2 ans\u2026 Quelques temps plus tard, un nouveau site est n\u00e9 en d\u00e9cembre 2009 sur l&rsquo;adresse essas-du-volant.fr, apr\u00e8s quelques mois de r\u00e9flexion. Il a fait un bon bout de route, puisqu&rsquo;on l&rsquo;a gard\u00e9 jusqu&rsquo;en 2017 ! Mais il devenait lourd \u00e0 g\u00e9rer et peu pratique&#8230;<\/p>\n<p class=\"read-more\"><a class=\"btn btn-default\" href=\"https:\/\/essas-du-volant.fr\/index.php\/presentation\/archives-sites\/\"> Read More<span class=\"screen-reader-text\">  Read More<\/span><\/a><\/p>\n","protected":false},"author":1,"featured_media":0,"parent":657,"menu_order":0,"comment_status":"closed","ping_status":"closed","template":"","meta":{"jetpack_post_was_ever_published":false,"footnotes":""},"class_list":["post-722","page","type-page","status-publish","hentry"],"jetpack_sharing_enabled":true,"jetpack_likes_enabled":true,"_links":{"self":[{"href":"https:\/\/essas-du-volant.fr\/index.php\/wp-json\/wp\/v2\/pages\/722","targetHints":{"allow":["GET"]}}],"collection":[{"href":"https:\/\/essas-du-volant.fr\/index.php\/wp-json\/wp\/v2\/pages"}],"about":[{"href":"https:\/\/essas-du-volant.fr\/index.php\/wp-json\/wp\/v2\/types\/page"}],"author":[{"embeddable":true,"href":"https:\/\/essas-du-volant.fr\/index.php\/wp-json\/wp\/v2\/users\/1"}],"replies":[{"embeddable":true,"href":"https:\/\/essas-du-volant.fr\/index.php\/wp-json\/wp\/v2\/comments?post=722"}],"version-history":[{"count":1,"href":"https:\/\/essas-du-volant.fr\/index.php\/wp-json\/wp\/v2\/pages\/722\/revisions"}],"predecessor-version":[{"id":5081,"href":"https:\/\/essas-du-volant.fr\/index.php\/wp-json\/wp\/v2\/pages\/722\/revisions\/5081"}],"up":[{"embeddable":true,"href":"https:\/\/essas-du-volant.fr\/index.php\/wp-json\/wp\/v2\/pages\/657"}],"wp:attachment":[{"href":"https:\/\/essas-du-volant.fr\/index.php\/wp-json\/wp\/v2\/media?parent=722"}],"curies":[{"name":"wp","href":"https:\/\/api.w.org\/{rel}","templated":true}]}}